{"id":635799,"date":"2018-11-15T10:23:03","date_gmt":"2018-11-15T09:23:03","guid":{"rendered":"https:\/\/www.ie.edu\/insights\/?page_id=635799"},"modified":"2025-06-18T12:48:13","modified_gmt":"2025-06-18T10:48:13","slug":"sobre-nosotros","status":"publish","type":"page","link":"https:\/\/www.ie.edu\/insights\/es\/sobre-nosotros\/","title":{"rendered":"Sobre nosotros"},"content":{"rendered":"<div class=\"wpb-content-wrapper\"><p>[vc_row el_class=\u00bbmodule\u00bb css=\u00bb.vc_custom_1547748355828{background-color: #ffffff !important;}\u00bb][vc_column][vc_custom_heading text=\u00bbSobre IE Insights\u00bb font_container=\u00bbtag:h1|text_align:left\u00bb use_theme_fonts=\u00bbyes\u00bb css=\u00bb.vc_custom_1750243689994{margin-bottom: 40px !important;}\u00bb el_class=\u00bbmodule_inner-title page-title\u00bb][vc_row_inner gap=\u00bb35&#8243; el_class=\u00bbmodule_inner\u00bb][vc_column_inner width=\u00bb2\/3&#8243;][vc_column_text css=\u00bb.vc_custom_1652186079205{margin-bottom: 40px !important;}\u00bb]IE Insights es la publicaci\u00f3n de liderazgo intelectual de IE University pensada para compartir conocimiento sobre temas diversos, desde relaciones internacionales, negocios y finanzas hasta sostenibilidad, humanidades y el futuro de la educaci\u00f3n, la tecnolog\u00eda y la innovaci\u00f3n.<\/p>\n<p>Nuestra misi\u00f3n es ofrecer informaci\u00f3n basada en investigaciones e ideas innovadoras acerca de los problemas que afectan la forma en que vivimos, trabajamos y coexistimos en el mundo. Con este fin, IE Insights recurre a acad\u00e9micos y expertos de IE University para producir contenido basado en conocimiento e ideas reflexivas que hacen avanzar la conversaci\u00f3n.<\/p>\n<p>IE Insights ofrece contenido en una variedad de formatos, desde art\u00edculos, hasta contenido audiovisual e interactivo.<\/p>\n<p>\u00bfTienes algo que te gustar\u00eda compartir? Ponte en contacto con nosotros a trav\u00e9s de insights@ie.edu.[\/vc_column_text][vc_column_text]<a class=\"button external\" style=\"max-width: 200px;\" href=\"https:\/\/landings.ie.edu\/corpland-newsletter-submission-es\" target=\"_blank\" rel=\"noopener noreferrer nofollow\">Suscr\u00edbete<\/a>[\/vc_column_text][\/vc_column_inner][vc_column_inner width=\u00bb1\/3&#8243;][vc_single_image image=\u00bb636467&#8243; img_size=\u00bbfull\u00bb][\/vc_column_inner][\/vc_row_inner][\/vc_column][\/vc_row][vc_row el_class=\u00bbmodule\u00bb css=\u00bb.vc_custom_1547748792670{background-color: #00338d !important;}\u00bb][vc_column][vc_custom_heading text=\u00bbNuestros autores\u00bb font_container=\u00bbtag:h2|text_align:center|color:%23ffffff\u00bb use_theme_fonts=\u00bbyes\u00bb css=\u00bb.vc_custom_1548240767716{margin-bottom: 40px !important;}\u00bb el_class=\u00bbmodule_inner-title\u00bb][vc_row_inner][vc_column_inner][vc_column_text css=\u00bb.vc_custom_1548240799458{margin-bottom: 40px !important;}\u00bb]<\/p>\n<p style=\"text-align: center;\"><span style=\"color: #ffffff;\">M\u00e1s de 100 profesores y colaboradores de IE contribuyen en la creaci\u00f3n de IE Insights, compartiendo su experiencia y su conocimiento.<\/span><\/p>\n<p>[\/vc_column_text][vc_column_text]<a class=\"button-white\" style=\"max-width: 200px; margin: 0 auto;\" href=\"https:\/\/www.ie.edu\/insights\/es\/autores\/\" rel=\"noopener\">Nuestros autores<\/a>[\/vc_column_text][\/vc_column_inner][\/vc_row_inner][\/vc_column][\/vc_row][vc_row el_class=\u00bbmodule magazine\u00bb css=\u00bb.vc_custom_1548266256143{background-color: #ffffff !important;}\u00bb][vc_column][vc_row_inner el_class=\u00bbmodule_inner\u00bb][vc_column_inner][vc_custom_heading text=\u00bbRevista IE Insights\u00bb use_theme_fonts=\u00bbyes\u00bb css=\u00bb.vc_custom_1547850523359{margin-bottom: 40px !important;}\u00bb el_class=\u00bbpage-title\u00bb][vc_column_text css=\u00bb.vc_custom_1547850482272{margin-bottom: 40px !important;}\u00bb]IE Insights ha lanzado un nuevo formato para que nuestros lectores puedan disfrutar del contenido. Cada 6 meses, se publicar\u00e1 una nueva edici\u00f3n impresa de IE Insights, con nuestros \u00faltimos an\u00e1lisis, vistas y observaciones.[\/vc_column_text][\/vc_column_inner][\/vc_row_inner][vc_row_inner gap=\u00bb35&#8243; el_class=\u00bbmodule_inner\u00bb][vc_column_inner width=\u00bb1\/6&#8243;][vc_single_image image=\u00bb641510&#8243; img_size=\u00bbfull\u00bb onclick=\u00bbcustom_link\u00bb img_link_target=\u00bb_blank\u00bb title=\u00bbN\u00ba 1 \u00b7 Junio 2018&#8243; link=\u00bbhttp:\/\/docs.ie.edu\/insights\/magazine\/june-2018.pdf\u00bb][\/vc_column_inner][vc_column_inner width=\u00bb1\/6&#8243;][vc_single_image image=\u00bb641512&#8243; img_size=\u00bbfull\u00bb onclick=\u00bbcustom_link\u00bb img_link_target=\u00bb_blank\u00bb title=\u00bbN\u00ba 2 \u00b7 Enero 2019&#8243; link=\u00bbhttp:\/\/docs.ie.edu\/insights\/magazine\/january-2019.pdf\u00bb][\/vc_column_inner][vc_column_inner width=\u00bb1\/6&#8243;][vc_single_image image=\u00bb731050&#8243; img_size=\u00bbfull\u00bb onclick=\u00bbcustom_link\u00bb img_link_target=\u00bb_blank\u00bb link=\u00bbhttp:\/\/docs.ie.edu\/insights\/magazine\/september-2019.pdf\u00bb title=\u00bbN\u00ba 3 \u00b7 Septiembre 2019&#8243;][\/vc_column_inner][\/vc_row_inner][\/vc_column][\/vc_row][vc_row el_class=\u00bbmodule bg-image\u00bb css=\u00bb.vc_custom_1547815638829{background-image: url(https:\/\/www.ie.edu\/insights\/wp-content\/uploads\/2019\/01\/about-ie-university.jpg?id=637486) !important;}\u00bb][vc_column][vc_row_inner el_class=\u00bbmodule_inner\u00bb][vc_column_inner][vc_custom_heading text=\u00bbAcerca de IE University\u00bb font_container=\u00bbtag:h2|text_align:center|color:%23ffffff\u00bb use_theme_fonts=\u00bbyes\u00bb css=\u00bb.vc_custom_1547850592784{margin-top: 40px !important;margin-bottom: 70px !important;}\u00bb el_class=\u00bbpage-title\u00bb][vc_custom_heading text=\u00bbIE University es una instituci\u00f3n educativa enfocada en negocios, derecho, arquitectura, asuntos p\u00fablicos, ciencias humanas y tecnolog\u00eda.\u00bb font_container=\u00bbtag:h3|text_align:center|color:%23ffffff\u00bb use_theme_fonts=\u00bbyes\u00bb css=\u00bb.vc_custom_1548236882836{margin-bottom: 70px !important;}\u00bb][vc_column_text css=\u00bb.vc_custom_1547850576236{margin-bottom: 70px !important;}\u00bb]<span style=\"color: #ffffff;\">IE forma los l\u00edderes que impulsan la innovaci\u00f3n y el cambio en las organizaciones, proporcionando un entorno de aprendizaje donde las tecnolog\u00edas y la diversidad desempe\u00f1an un papel clave en el fomento de una visi\u00f3n global, una mentalidad empresarial y un enfoque humanista. Nuestra amplia red de alumni cuenta con m\u00e1s de 60,000 profesionales de m\u00e1s de 160 pa\u00edses.<\/span>[\/vc_column_text][vc_column_text css=\u00bb.vc_custom_1547850628560{margin-bottom: 40px !important;}\u00bb]<a class=\"button-border-white cta-external\" style=\"max-width: 200px; margin: 0 auto;\" href=\"https:\/\/www.ie.edu\/es\" target=\"_blank\" rel=\"noopener noreferrer\">Descubra m\u00e1s<\/a>[\/vc_column_text][\/vc_column_inner][\/vc_row_inner][\/vc_column][\/vc_row][vc_row el_class=\u00bbmodule\u00bb css=\u00bb.vc_custom_1547748355828{background-color: #ffffff !important;}\u00bb][vc_column][vc_row_inner el_class=\u00bbmodule_inner\u00bb][vc_column_inner][vc_custom_heading text=\u00bbNuestros valores\u00bb use_theme_fonts=\u00bbyes\u00bb css=\u00bb.vc_custom_1547850734102{margin-bottom: 40px !important;}\u00bb el_class=\u00bbpage-title\u00bb][\/vc_column_inner][\/vc_row_inner]<div class=\"vc_ie_video_list\"><div class=\"widget playlist-list\">\n\n<div class=\"module_inner\">\n\t<div id=\"vc-ie-video-list-lightbox\" style=\"display:none\">\n\t\t<div id=\"vc-ie-video-list-overlay\" onclick=\"void(0)\"><\/div>\n\t\t<div id=\"lightbox-content\">\n\t\t\t<iframe id=\"vc-ie-video-list-player\" class=\"video-playlist-big lazyload\" frameborder=\"0\" allowfullscreen=\"1\" allow=\"accelerometer; autoplay; encrypted-media; gyroscope; picture-in-picture\" title=\"YouTube video player\" width=\"100%\" height=\"100%\" data-src=\"https:\/\/www.youtube.com\/embed\/xRDuAWO3txw?autoplay=0&amp;controls=1&amp;rel=0&amp;fs=0&amp;color=white&amp;iv_load_policy=3&amp;showinfo=0&amp;modestbranding=1&amp;enablejsapi=1&amp;widgetid=1\" src=\"data:image\/svg+xml;base64,PHN2ZyB3aWR0aD0iMSIgaGVpZ2h0PSIxIiB4bWxucz0iaHR0cDovL3d3dy53My5vcmcvMjAwMC9zdmciPjwvc3ZnPg==\" data-load-mode=\"1\"><\/iframe>\n\t\t\t<div class=\"autoload-overlay\">\n\t\t\t\t<div class=\"autoload-progress\"><\/div>\n\t\t\t\t<div class=\"autoload-meta\">\n\t\t\t\t\t<h3 class=\"autoload-title\"><\/h3>\n\t\t\t\t\t<div class=\"autoload-img\"><\/div>\n\t\t\t\t\t<p class=\"autoload-data\"><\/p>\n\t\t\t\t<\/div>\n\t\t\t<\/div>\n\t\t\t<span class=\"icon icon-s icon-close_icon\"><\/span>\n\t\t<\/div>\n\t<\/div>\n\t<div>\n\t\t<h2 class=\"page-title\"><\/h2>\n\t<\/div>\n\t<div class=\"vc-ie-video-list-videos\">\n\t\t\t\t<div class=\"three columns vc-ie-video-list-video\" style=\"cursor:pointer\">\n\t\t\t<input class=\"media\" type=\"hidden\" value=\"https:\/\/www.youtube.com\/watch?v=4FevqZZ4wUo\">\n\t\t\t<div class=\"zoom-container\">\n\t\t\t\t<img decoding=\"async\" class=\"zoom lazyload\" data-src=\"https:\/\/www.ie.edu\/insights\/wp-content\/themes\/ietheme\/images\/icon-play.svg\" src=\"data:image\/svg+xml;base64,PHN2ZyB3aWR0aD0iMSIgaGVpZ2h0PSIxIiB4bWxucz0iaHR0cDovL3d3dy53My5vcmcvMjAwMC9zdmciPjwvc3ZnPg==\">\n\t\t\t\t<div class=\"image-container\">\n\t\t\t\t\t<img decoding=\"async\" width=\"413\" height=\"256\" data-src=\"https:\/\/www.ie.edu\/insights\/wp-content\/smush-webp\/2019\/02\/Video-1_Innovation-650x480-413x256.jpg.webp\" class=\"attachment-sidebar-next-medium size-sidebar-next-medium lazyload\" alt=\"\" data-srcset=\"https:\/\/www.ie.edu\/insights\/wp-content\/smush-webp\/2019\/02\/Video-1_Innovation-650x480-413x256.jpg.webp 413w, https:\/\/www.ie.edu\/insights\/wp-content\/smush-webp\/2019\/02\/Video-1_Innovation-650x480-325x202.jpg.webp 325w, https:\/\/www.ie.edu\/insights\/wp-content\/smush-webp\/2019\/02\/Video-1_Innovation-650x480-510x317.jpg.webp 510w\" data-sizes=\"(max-width: 1008px) 100vw, 1008px\" src=\"data:image\/svg+xml;base64,PHN2ZyB3aWR0aD0iMSIgaGVpZ2h0PSIxIiB4bWxucz0iaHR0cDovL3d3dy53My5vcmcvMjAwMC9zdmciPjwvc3ZnPg==\" style=\"--smush-placeholder-width: 413px; --smush-placeholder-aspect-ratio: 413\/256;\" \/>\t\t\t\t<\/div>\n\t\t\t<\/div>\n\t\t\t<h4 class=\"content_title\">Inmersi\u00f3n tecnol\u00f3gica y una cultura de innovaci\u00f3n<\/h4>\n\t\t<\/div>\n\t\t\t\t<div class=\"three columns vc-ie-video-list-video\" style=\"cursor:pointer\">\n\t\t\t<input class=\"media\" type=\"hidden\" value=\"https:\/\/www.youtube.com\/watch?v=DgxE5w9IpG0\">\n\t\t\t<div class=\"zoom-container\">\n\t\t\t\t<img decoding=\"async\" class=\"zoom lazyload\" data-src=\"https:\/\/www.ie.edu\/insights\/wp-content\/themes\/ietheme\/images\/icon-play.svg\" src=\"data:image\/svg+xml;base64,PHN2ZyB3aWR0aD0iMSIgaGVpZ2h0PSIxIiB4bWxucz0iaHR0cDovL3d3dy53My5vcmcvMjAwMC9zdmciPjwvc3ZnPg==\">\n\t\t\t\t<div class=\"image-container\">\n\t\t\t\t\t<img decoding=\"async\" width=\"413\" height=\"256\" data-src=\"https:\/\/www.ie.edu\/insights\/wp-content\/smush-webp\/2019\/02\/Video-2_Entrepreneurial-650x480-413x256.jpg.webp\" class=\"attachment-sidebar-next-medium size-sidebar-next-medium lazyload\" alt=\"\" data-srcset=\"https:\/\/www.ie.edu\/insights\/wp-content\/smush-webp\/2019\/02\/Video-2_Entrepreneurial-650x480-413x256.jpg.webp 413w, https:\/\/www.ie.edu\/insights\/wp-content\/smush-webp\/2019\/02\/Video-2_Entrepreneurial-650x480-325x202.jpg.webp 325w, https:\/\/www.ie.edu\/insights\/wp-content\/smush-webp\/2019\/02\/Video-2_Entrepreneurial-650x480-510x317.jpg.webp 510w\" data-sizes=\"(max-width: 1008px) 100vw, 1008px\" src=\"data:image\/svg+xml;base64,PHN2ZyB3aWR0aD0iMSIgaGVpZ2h0PSIxIiB4bWxucz0iaHR0cDovL3d3dy53My5vcmcvMjAwMC9zdmciPjwvc3ZnPg==\" style=\"--smush-placeholder-width: 413px; --smush-placeholder-aspect-ratio: 413\/256;\" \/>\t\t\t\t<\/div>\n\t\t\t<\/div>\n\t\t\t<h4 class=\"content_title\">Mentalidad emprendedora<\/h4>\n\t\t<\/div>\n\t\t\t\t<div class=\"three columns vc-ie-video-list-video\" style=\"cursor:pointer\">\n\t\t\t<input class=\"media\" type=\"hidden\" value=\"https:\/\/www.youtube.com\/watch?v=HdwWOQhMQt8\">\n\t\t\t<div class=\"zoom-container\">\n\t\t\t\t<img decoding=\"async\" class=\"zoom lazyload\" data-src=\"https:\/\/www.ie.edu\/insights\/wp-content\/themes\/ietheme\/images\/icon-play.svg\" src=\"data:image\/svg+xml;base64,PHN2ZyB3aWR0aD0iMSIgaGVpZ2h0PSIxIiB4bWxucz0iaHR0cDovL3d3dy53My5vcmcvMjAwMC9zdmciPjwvc3ZnPg==\">\n\t\t\t\t<div class=\"image-container\">\n\t\t\t\t\t<img decoding=\"async\" width=\"413\" height=\"256\" data-src=\"https:\/\/www.ie.edu\/insights\/wp-content\/smush-webp\/2019\/02\/Video-3_Humanities-1-650x480-413x256.jpg.webp\" class=\"attachment-sidebar-next-medium size-sidebar-next-medium lazyload\" alt=\"\" data-srcset=\"https:\/\/www.ie.edu\/insights\/wp-content\/smush-webp\/2019\/02\/Video-3_Humanities-1-650x480-413x256.jpg.webp 413w, https:\/\/www.ie.edu\/insights\/wp-content\/smush-webp\/2019\/02\/Video-3_Humanities-1-650x480-325x202.jpg.webp 325w, https:\/\/www.ie.edu\/insights\/wp-content\/smush-webp\/2019\/02\/Video-3_Humanities-1-650x480-510x317.jpg.webp 510w\" data-sizes=\"(max-width: 1008px) 100vw, 1008px\" src=\"data:image\/svg+xml;base64,PHN2ZyB3aWR0aD0iMSIgaGVpZ2h0PSIxIiB4bWxucz0iaHR0cDovL3d3dy53My5vcmcvMjAwMC9zdmciPjwvc3ZnPg==\" style=\"--smush-placeholder-width: 413px; --smush-placeholder-aspect-ratio: 413\/256;\" \/>\t\t\t\t<\/div>\n\t\t\t<\/div>\n\t\t\t<h4 class=\"content_title\">Humanidades para entender el mundo<\/h4>\n\t\t<\/div>\n\t\t\t\t<div class=\"three columns vc-ie-video-list-video\" style=\"cursor:pointer\">\n\t\t\t<input class=\"media\" type=\"hidden\" value=\"https:\/\/www.youtube.com\/watch?v=vEL04sAGqyU\">\n\t\t\t<div class=\"zoom-container\">\n\t\t\t\t<img decoding=\"async\" class=\"zoom lazyload\" data-src=\"https:\/\/www.ie.edu\/insights\/wp-content\/themes\/ietheme\/images\/icon-play.svg\" src=\"data:image\/svg+xml;base64,PHN2ZyB3aWR0aD0iMSIgaGVpZ2h0PSIxIiB4bWxucz0iaHR0cDovL3d3dy53My5vcmcvMjAwMC9zdmciPjwvc3ZnPg==\">\n\t\t\t\t<div class=\"image-container\">\n\t\t\t\t\t<img decoding=\"async\" width=\"413\" height=\"256\" data-src=\"https:\/\/www.ie.edu\/insights\/wp-content\/smush-webp\/2019\/02\/Video-4_Cultures-650x480-413x256.jpg.webp\" class=\"attachment-sidebar-next-medium size-sidebar-next-medium lazyload\" alt=\"\" data-srcset=\"https:\/\/www.ie.edu\/insights\/wp-content\/smush-webp\/2019\/02\/Video-4_Cultures-650x480-413x256.jpg.webp 413w, https:\/\/www.ie.edu\/insights\/wp-content\/smush-webp\/2019\/02\/Video-4_Cultures-650x480-325x202.jpg.webp 325w, https:\/\/www.ie.edu\/insights\/wp-content\/smush-webp\/2019\/02\/Video-4_Cultures-650x480-510x317.jpg.webp 510w\" data-sizes=\"(max-width: 1008px) 100vw, 1008px\" src=\"data:image\/svg+xml;base64,PHN2ZyB3aWR0aD0iMSIgaGVpZ2h0PSIxIiB4bWxucz0iaHR0cDovL3d3dy53My5vcmcvMjAwMC9zdmciPjwvc3ZnPg==\" style=\"--smush-placeholder-width: 413px; --smush-placeholder-aspect-ratio: 413\/256;\" \/>\t\t\t\t<\/div>\n\t\t\t<\/div>\n\t\t\t<h4 class=\"content_title\">Nacionalidades, cultura e ideas diversas<\/h4>\n\t\t<\/div>\n\t\t\t<\/div>\n<\/div>\n<\/div><\/div>[\/vc_column][\/vc_row][vc_row el_class=\u00bbmodule\u00bb css=\u00bb.vc_custom_1547758289701{background-color: #f6f6f7 !important;}\u00bb][vc_column][vc_column_text css=\u00bb.vc_custom_1547758726463{margin-bottom: 40px !important;}\u00bb]<\/p>\n<p style=\"text-align: center;\"><img decoding=\"async\" class=\"aligncenter wp-image-637468 lazyload\" data-src=\"https:\/\/www.ie.edu\/insights\/wp-content\/smush-webp\/2019\/01\/icon-marker.png.webp\" alt=\"\" width=\"60\" height=\"78\" data-srcset=\"https:\/\/www.ie.edu\/insights\/wp-content\/smush-webp\/2019\/01\/icon-marker.png.webp 282w, https:\/\/www.ie.edu\/insights\/wp-content\/smush-webp\/2019\/01\/icon-marker-231x300.png.webp 231w\" data-sizes=\"(max-width: 60px) 100vw, 60px\" src=\"data:image\/svg+xml;base64,PHN2ZyB3aWR0aD0iMSIgaGVpZ2h0PSIxIiB4bWxucz0iaHR0cDovL3d3dy53My5vcmcvMjAwMC9zdmciPjwvc3ZnPg==\" style=\"--smush-placeholder-width: 60px; --smush-placeholder-aspect-ratio: 60\/78;\" \/><\/p>\n<p>[\/vc_column_text][vc_custom_heading text=\u00bbIE por el mundo\u00bb font_container=\u00bbtag:h2|text_align:center\u00bb use_theme_fonts=\u00bbyes\u00bb css=\u00bb.vc_custom_1547850828661{margin-bottom: 20px !important;}\u00bb el_class=\u00bbmodule_inner-title\u00bb][vc_row_inner][vc_column_inner][vc_column_text]<a class=\"button external\" style=\"max-width: 260px; margin: 0 auto;\" href=\"https:\/\/www.ie.edu\/es\/business-school\/oficinas-internacionales\/\" target=\"_blank\" rel=\"noopener noreferrer\">Descubre d\u00f3nde estamos<\/a>[\/vc_column_text][\/vc_column_inner][\/vc_row_inner][\/vc_column][\/vc_row][vc_row el_class=\u00bbmodule people module_np-bottom\u00bb css=\u00bb.vc_custom_1560942121062{background-color: #ffffff !important;}\u00bb][vc_column][vc_row_inner el_class=\u00bbmodule_inner\u00bb][vc_column_inner][vc_custom_heading text=\u00bbLa gente detr\u00e1s de IE Insights\u00bb use_theme_fonts=\u00bbyes\u00bb css=\u00bb.vc_custom_1560774609051{margin-bottom: 40px !important;}\u00bb el_class=\u00bbpage-title\u00bb][\/vc_column_inner][\/vc_row_inner][vc_row_inner gap=\u00bb35&#8243; el_class=\u00bbmodule_inner\u00bb][vc_column_inner el_class=\u00bbitem\u00bb width=\u00bb1\/3&#8243;][vc_raw_html el_class=\u00bbitem-info\u00bb]JTNDaDQlMjBzdHlsZSUzRCUyMnRleHQtYWxpZ24lM0ElMjBjZW50ZXIlM0IlMjIlM0UlM0NzcGFuJTIwc3R5bGUlM0QlMjJjb2xvciUzQSUyMCUyM2ZmZmZmZiUzQiUyMiUzRVdpbGxpYW0lMjBEJUMzJUExdmlsYSUzQyUyRnNwYW4lM0UlM0MlMkZoNCUzRSUwQSUzQ2ElMjBjbGFzcyUzRCUyMmljb24tbGlua2VkaW4lMjIlMjBzdHlsZSUzRCUyMmNvbG9yJTNBJTIwJTIzZmZmZmZmJTNCJTIyJTIwaHJlZiUzRCUyMmh0dHBzJTNBJTJGJTJGd3d3LmxpbmtlZGluLmNvbSUyRmluJTJGd2lsbGlhbWRhdmlsYXZhbGVyaSUyRiUyMiUyMHRhcmdldCUzRCUyMl9ibGFuayUyMiUyMHJlbCUzRCUyMm5vb3BlbmVyJTIwbm9yZWZlcnJlciUyMiUzRSUyNm5ic3AlM0MlMkZhJTNFJTBBJTNDcCUyMHN0eWxlJTNEJTIydGV4dC1hbGlnbiUzQSUyMGNlbnRlciUzQiUyMiUzRSUzQ3NwYW4lMjBzdHlsZSUzRCUyMmNvbG9yJTNBJTIwJTIzZmZmZmZmJTNCJTIyJTNFRXhlY3V0aXZlJTIwRGlyZWN0b3IlMjBvZiUyMENvcnBvcmF0ZSUyMFJlbGF0aW9ucyUzQyUyRnNwYW4lM0UlM0MlMkZwJTNF[\/vc_raw_html][vc_single_image image=\u00bb693531&#8243; img_size=\u00bbfull\u00bb alignment=\u00bbcenter\u00bb][\/vc_column_inner][vc_column_inner el_class=\u00bbitem\u00bb width=\u00bb1\/3&#8243;][vc_raw_html el_class=\u00bbitem-info\u00bb]JTNDaDQlMjBzdHlsZSUzRCUyMnRleHQtYWxpZ24lM0ElMjBjZW50ZXIlM0IlMjIlM0UlM0NzcGFuJTIwc3R5bGUlM0QlMjJjb2xvciUzQSUyMCUyM2ZmZmZmZiUzQiUyMiUzRVNvZiVDMyVBRGElMjBSdWJpbyUzQyUyRnNwYW4lM0UlM0MlMkZoNCUzRSUwQSUzQ2ElMjBjbGFzcyUzRCUyMmljb24tbGlua2VkaW4lMjIlMjBzdHlsZSUzRCUyMmNvbG9yJTNBJTIwJTIzZmZmZmZmJTNCJTIyJTIwaHJlZiUzRCUyMmh0dHBzJTNBJTJGJTJGd3d3LmxpbmtlZGluLmNvbSUyRmluJTJGc29mJTI1QzMlMjVBRGEtcnViaW8tYmFyYSUyNUMzJTI1QjFhbm8tMTE0NWI4ODglMkYlMjIlMjB0YXJnZXQlM0QlMjJfYmxhbmslMjIlMjByZWwlM0QlMjJub29wZW5lciUyMG5vcmVmZXJyZXIlMjIlM0UlMjZuYnNwJTNDJTJGYSUzRSUwQSUzQ3AlMjBzdHlsZSUzRCUyMnRleHQtYWxpZ24lM0ElMjBjZW50ZXIlM0IlMjIlM0UlM0NzcGFuJTIwc3R5bGUlM0QlMjJjb2xvciUzQSUyMCUyM2ZmZmZmZiUzQiUyMiUzRUxveWFsdHklMjBNYW5hZ2VyJTIwb2YlMjBDb3Jwb3JhdGUlMjBSZWxhdGlvbnMlM0MlMkZzcGFuJTNFJTNDJTJGcCUzRQ==[\/vc_raw_html][vc_single_image image=\u00bb695816&#8243; img_size=\u00bbfull\u00bb alignment=\u00bbcenter\u00bb][\/vc_column_inner][vc_column_inner el_class=\u00bbitem\u00bb width=\u00bb1\/3&#8243;][vc_raw_html el_class=\u00bbitem-info\u00bb]JTNDaDQlMjBzdHlsZSUzRCUyMnRleHQtYWxpZ24lM0ElMjBjZW50ZXIlM0IlMjIlM0UlM0NzcGFuJTIwc3R5bGUlM0QlMjJjb2xvciUzQSUyMCUyM2ZmZmZmZiUzQiUyMiUzRVNvZiVDMyVBRGElMjBCb2d1bm92aWMlM0MlMkZzcGFuJTNFJTNDJTJGaDQlM0UlMEElM0NhJTIwY2xhc3MlM0QlMjJpY29uLWxpbmtlZGluJTIyJTIwc3R5bGUlM0QlMjJjb2xvciUzQSUyMCUyM2ZmZmZmZiUzQiUyMiUyMGhyZWYlM0QlMjJodHRwcyUzQSUyRiUyRmVzLmxpbmtlZGluLmNvbSUyRmluJTJGc29maWFib2d1bm92aWMlMjIlMjB0YXJnZXQlM0QlMjJfYmxhbmslMjIlMjByZWwlM0QlMjJub29wZW5lciUyMG5vcmVmZXJyZXIlMjIlM0UlMjZuYnNwJTNDJTJGYSUzRSUwQSUzQ3AlMjBzdHlsZSUzRCUyMnRleHQtYWxpZ24lM0ElMjBjZW50ZXIlM0IlMjIlM0UlM0NzcGFuJTIwc3R5bGUlM0QlMjJjb2xvciUzQSUyMCUyM2ZmZmZmZiUzQiUyMiUzRUNvcnBvcmF0ZSUyME1hcmtldGluZyUyME1hbmFnZXIlM0MlMkZzcGFuJTNFJTNDJTJGcCUzRQ==[\/vc_raw_html][vc_single_image image=\u00bb695820&#8243; img_size=\u00bbfull\u00bb alignment=\u00bbcenter\u00bb][\/vc_column_inner][\/vc_row_inner][vc_row_inner gap=\u00bb35&#8243; el_class=\u00bbmodule_inner\u00bb][vc_column_inner el_class=\u00bbitem\u00bb width=\u00bb1\/3&#8243;][vc_raw_html el_class=\u00bbitem-info\u00bb]JTNDaDQlMjBzdHlsZSUzRCUyMnRleHQtYWxpZ24lM0ElMjBjZW50ZXIlM0IlMjIlM0UlM0NzcGFuJTIwc3R5bGUlM0QlMjJjb2xvciUzQSUyMCUyM2ZmZmZmZiUzQiUyMiUzRVZpY3RvcmlhJTIwTW9saW5hJTNDJTJGc3BhbiUzRSUzQyUyRmg0JTNFJTBBJTNDYSUyMGNsYXNzJTNEJTIyaWNvbi1saW5rZWRpbiUyMiUyMHN0eWxlJTNEJTIyY29sb3IlM0ElMjAlMjNmZmZmZmYlM0IlMjIlMjBocmVmJTNEJTIyaHR0cHMlM0ElMkYlMkZ3d3cubGlua2VkaW4uY29tJTJGaW4lMkZ2aWN0b3JpYS1tb2xpbmEtZGUtY2FycmFuemElMkYlMjIlMjB0YXJnZXQlM0QlMjJfYmxhbmslMjIlMjByZWwlM0QlMjJub29wZW5lciUyMG5vcmVmZXJyZXIlMjIlM0UlMjZuYnNwJTNDJTJGYSUzRSUwQSUzQ3AlMjBzdHlsZSUzRCUyMnRleHQtYWxpZ24lM0ElMjBjZW50ZXIlM0IlMjIlM0UlM0NzcGFuJTIwc3R5bGUlM0QlMjJjb2xvciUzQSUyMCUyM2ZmZmZmZiUzQiUyMiUzRVdlYiUyMFByb2plY3QlMjBNYW5hZ2VyJTNDJTJGc3BhbiUzRSUzQyUyRnAlM0U=[\/vc_raw_html][vc_single_image image=\u00bb695822&#8243; img_size=\u00bbfull\u00bb alignment=\u00bbcenter\u00bb][\/vc_column_inner][\/vc_row_inner][vc_row_inner gap=\u00bb35&#8243; el_class=\u00bbmodule_inner team\u00bb][vc_column_inner width=\u00bb1\/4&#8243; css=\u00bb.vc_custom_1559560451298{background-color: #f6f6f7 !important;}\u00bb][vc_custom_heading text=\u00bbMEDIA CONTACT\u00bb font_container=\u00bbtag:h5|text_align:left\u00bb use_theme_fonts=\u00bbyes\u00bb][vc_custom_heading text=\u00bbinsights@ie.edu\u00bb font_container=\u00bbtag:h5|text_align:left\u00bb use_theme_fonts=\u00bbyes\u00bb el_class=\u00bbtitle25 icon-mail\u00bb link=\u00bburl:mailto%3Ainsights%40ie.edu|||\u00bb][\/vc_column_inner][vc_column_inner width=\u00bb1\/4&#8243; css=\u00bb.vc_custom_1559560483565{background-color: #f6f6f7 !important;}\u00bb][vc_custom_heading text=\u00bbEditorial Content\u00bb font_container=\u00bbtag:h5|text_align:left\u00bb use_theme_fonts=\u00bbyes\u00bb][vc_custom_heading text=\u00bbMANAGER FOCUS by pmp\u00bb font_container=\u00bbtag:h5|text_align:left\u00bb use_theme_fonts=\u00bbyes\u00bb el_class=\u00bbtitle25&#8243;][vc_icon icon_fontawesome=\u00bbfa fa-linkedin\u00bb color=\u00bbcustom\u00bb size=\u00bbxs\u00bb link=\u00bburl:https%3A%2F%2Fwww.linkedin.com%2Fcompany%2Fmanager-focus%2F||target:%20_blank|rel:nofollow\u00bb][\/vc_column_inner][vc_column_inner width=\u00bb1\/4&#8243; css=\u00bb.vc_custom_1559560513075{background-color: #f6f6f7 !important;}\u00bb][vc_custom_heading text=\u00bbDesign\u00bb font_container=\u00bbtag:h5|text_align:left\u00bb use_theme_fonts=\u00bbyes\u00bb][vc_custom_heading text=\u00bbGrupo Duende\u00bb font_container=\u00bbtag:h5|text_align:left\u00bb use_theme_fonts=\u00bbyes\u00bb el_class=\u00bbtitle25&#8243;][vc_icon icon_fontawesome=\u00bbfa fa-linkedin\u00bb color=\u00bbcustom\u00bb size=\u00bbxs\u00bb link=\u00bburl:https%3A%2F%2Fwww.linkedin.com%2Fcompany%2Fgrupo-duende%2F||target:%20_blank|rel:nofollow\u00bb][\/vc_column_inner][vc_column_inner width=\u00bb1\/4&#8243; css=\u00bb.vc_custom_1559560539357{background-color: #f6f6f7 !important;}\u00bb][vc_custom_heading text=\u00bbWeb Design &amp; Development\u00bb font_container=\u00bbtag:h5|text_align:left\u00bb use_theme_fonts=\u00bbyes\u00bb][vc_custom_heading text=\u00bbCherrypick\u00bb font_container=\u00bbtag:h5|text_align:left\u00bb use_theme_fonts=\u00bbyes\u00bb el_class=\u00bbtitle25&#8243;][vc_icon icon_fontawesome=\u00bbfa fa-linkedin\u00bb color=\u00bbcustom\u00bb size=\u00bbxs\u00bb link=\u00bburl:https%3A%2F%2Fwww.linkedin.com%2Fcompany%2Fcherrypickwg%2Fabout%2F||target:%20_blank|rel:nofollow\u00bb][\/vc_column_inner][\/vc_row_inner][\/vc_column][\/vc_row]<\/p>\n<\/div>","protected":false},"excerpt":{"rendered":"<p>[vc_row el_class=\u00bbmodule\u00bb css=\u00bb.vc_custom_1547748355828{background-color: #ffffff !important;}\u00bb][vc_column][vc_custom_heading text=\u00bbSobre IE Insights\u00bb font_container=\u00bbtag:h1|text_align:left\u00bb use_theme_fonts=\u00bbyes\u00bb css=\u00bb.vc_custom_1750243689994{margin-bottom: 40px !important;}\u00bb el_class=\u00bbmodule_inner-title page-title\u00bb][vc_row_inner gap=\u00bb35&#8243; el_class=\u00bbmodule_inner\u00bb][vc_column_inner width=\u00bb2\/3&#8243;][vc_column_text css=\u00bb.vc_custom_1652186079205{margin-bottom: 40px !important;}\u00bb]IE Insights es la publicaci\u00f3n de liderazgo intelectual de IE University pensada para compartir conocimiento sobre temas diversos, desde relaciones internacionales, negocios y finanzas hasta sostenibilidad, humanidades y el futuro de la educaci\u00f3n, la tecnolog\u00eda [&hellip;]<\/p>\n","protected":false},"author":1,"featured_media":0,"parent":0,"menu_order":0,"comment_status":"closed","ping_status":"closed","template":"page-notitle.php","meta":{"_has_post_settings":[],"footnotes":""},"hashtags":[],"class_list":["post-635799","page","type-page","status-publish","hentry"],"_links":{"self":[{"href":"https:\/\/www.ie.edu\/insights\/es\/wp-json\/wp\/v2\/pages\/635799","targetHints":{"allow":["GET"]}}],"collection":[{"href":"https:\/\/www.ie.edu\/insights\/es\/wp-json\/wp\/v2\/pages"}],"about":[{"href":"https:\/\/www.ie.edu\/insights\/es\/wp-json\/wp\/v2\/types\/page"}],"author":[{"embeddable":true,"href":"https:\/\/www.ie.edu\/insights\/es\/wp-json\/wp\/v2\/users\/1"}],"replies":[{"embeddable":true,"href":"https:\/\/www.ie.edu\/insights\/es\/wp-json\/wp\/v2\/comments?post=635799"}],"version-history":[{"count":49,"href":"https:\/\/www.ie.edu\/insights\/es\/wp-json\/wp\/v2\/pages\/635799\/revisions"}],"predecessor-version":[{"id":1405055,"href":"https:\/\/www.ie.edu\/insights\/es\/wp-json\/wp\/v2\/pages\/635799\/revisions\/1405055"}],"wp:attachment":[{"href":"https:\/\/www.ie.edu\/insights\/es\/wp-json\/wp\/v2\/media?parent=635799"}],"wp:term":[{"taxonomy":"hashtags","embeddable":true,"href":"https:\/\/www.ie.edu\/insights\/es\/wp-json\/wp\/v2\/hashtags?post=635799"}],"curies":[{"name":"wp","href":"https:\/\/api.w.org\/{rel}","templated":true}]}}