{"id":33185,"date":"2024-04-11T13:08:56","date_gmt":"2024-04-11T11:08:56","guid":{"rendered":"https:\/\/www.ie.edu\/uncover-ie\/?page_id=33185"},"modified":"2026-03-23T12:17:56","modified_gmt":"2026-03-23T11:17:56","slug":"salidas-profesionales","status":"publish","type":"page","link":"https:\/\/www.ie.edu\/uncover-ie\/es\/salidas-profesionales\/","title":{"rendered":"Salidas Profesionales"},"content":{"rendered":"\t\t<div data-elementor-type=\"wp-page\" data-elementor-id=\"33185\" class=\"elementor elementor-33185\" data-elementor-post-type=\"page\">\n\t\t\t\t<div class=\"elementor-element elementor-element-4798f0c e-flex e-con-boxed e-con e-parent\" data-id=\"4798f0c\" data-element_type=\"container\" data-e-type=\"container\" data-settings=\"{&quot;background_background&quot;:&quot;classic&quot;,&quot;sticky&quot;:&quot;top&quot;,&quot;jet_parallax_layout_list&quot;:[],&quot;sticky_on&quot;:[&quot;desktop&quot;,&quot;tablet&quot;,&quot;mobile&quot;],&quot;sticky_offset&quot;:0,&quot;sticky_effects_offset&quot;:0,&quot;sticky_anchor_link_offset&quot;:0}\">\n\t\t\t\t\t<div class=\"e-con-inner\">\n\t\t\t\t<div class=\"elementor-element elementor-element-13b0856 elementor-widget__width-initial elementor-widget elementor-widget-image\" data-id=\"13b0856\" data-element_type=\"widget\" data-e-type=\"widget\" data-widget_type=\"image.default\">\n\t\t\t\t<div class=\"elementor-widget-container\">\n\t\t\t\t\t\t\t\t\t\t\t\t\t\t\t<img fetchpriority=\"high\" decoding=\"async\" width=\"800\" height=\"130\" src=\"https:\/\/www.ie.edu\/uncover-ie\/wp-content\/uploads\/2026\/03\/uncover-logo-1024x167.png\" class=\"attachment-large size-large wp-image-44512\" alt=\"Uncover IE logo\" srcset=\"https:\/\/www.ie.edu\/uncover-ie\/wp-content\/uploads\/2026\/03\/uncover-logo-1024x167.png 1024w, https:\/\/www.ie.edu\/uncover-ie\/wp-content\/uploads\/2026\/03\/uncover-logo-300x49.png 300w, https:\/\/www.ie.edu\/uncover-ie\/wp-content\/uploads\/2026\/03\/uncover-logo-150x25.png 150w, https:\/\/www.ie.edu\/uncover-ie\/wp-content\/uploads\/2026\/03\/uncover-logo-768x126.png 768w, https:\/\/www.ie.edu\/uncover-ie\/wp-content\/uploads\/2026\/03\/uncover-logo-1536x251.png 1536w, https:\/\/www.ie.edu\/uncover-ie\/wp-content\/uploads\/2026\/03\/uncover-logo-2048x335.png 2048w\" sizes=\"(max-width: 800px) 100vw, 800px\" \/>\t\t\t\t\t\t\t\t\t\t\t\t\t\t\t<\/div>\n\t\t\t\t<\/div>\n\t\t\t\t<div class=\"elementor-element elementor-element-05c7312 elementor-nav-menu__align-justify elementor-widget__width-initial elementor-nav-menu--dropdown-tablet elementor-nav-menu__text-align-aside elementor-nav-menu--toggle elementor-nav-menu--burger elementor-widget elementor-widget-nav-menu\" data-id=\"05c7312\" data-element_type=\"widget\" data-e-type=\"widget\" data-settings=\"{&quot;layout&quot;:&quot;horizontal&quot;,&quot;submenu_icon&quot;:{&quot;value&quot;:&quot;&lt;i class=\\&quot;fas fa-caret-down\\&quot; aria-hidden=\\&quot;true\\&quot;&gt;&lt;\\\/i&gt;&quot;,&quot;library&quot;:&quot;fa-solid&quot;},&quot;toggle&quot;:&quot;burger&quot;}\" data-widget_type=\"nav-menu.default\">\n\t\t\t\t<div class=\"elementor-widget-container\">\n\t\t\t\t\t\t\t\t<nav aria-label=\"Menu\" class=\"elementor-nav-menu--main elementor-nav-menu__container elementor-nav-menu--layout-horizontal e--pointer-text e--animation-none\">\n\t\t\t\t<ul id=\"menu-1-05c7312\" class=\"elementor-nav-menu\"><li class=\"menu-item menu-item-type-post_type menu-item-object-page menu-item-33193\"><a href=\"https:\/\/www.ie.edu\/uncover-ie\/es\/ie-core-es\/\" class=\"elementor-item\">IE Core<\/a><\/li>\n<li class=\"menu-item menu-item-type-post_type menu-item-object-page menu-item-33194\"><a href=\"https:\/\/www.ie.edu\/uncover-ie\/es\/vida-estudiantil\/\" class=\"elementor-item\">Vida Estudiantil<\/a><\/li>\n<li class=\"menu-item menu-item-type-post_type menu-item-object-page menu-item-33195\"><a href=\"https:\/\/www.ie.edu\/uncover-ie\/es\/salidas-profesionales\/\" class=\"elementor-item\">Salidas Profesionales<\/a><\/li>\n<li class=\"menu-item menu-item-type-post_type menu-item-object-page menu-item-33196\"><a href=\"https:\/\/www.ie.edu\/uncover-ie\/es\/aprendizaje-estudios\/\" class=\"elementor-item\">Aprendizaje &amp; Estudios<\/a><\/li>\n<li class=\"menu-item menu-item-type-post_type menu-item-object-page menu-item-33197\"><a href=\"https:\/\/www.ie.edu\/uncover-ie\/es\/como-ser-estudiante-del-ie\/\" class=\"elementor-item\">Admisiones y programas<\/a><\/li>\n<li class=\"menu-item menu-item-type-custom menu-item-object-custom menu-item-33198\"><a href=\"#pll_switcher\" class=\"elementor-item elementor-item-anchor\">Languages<\/a><\/li>\n<\/ul>\t\t\t<\/nav>\n\t\t\t\t\t<div class=\"elementor-menu-toggle\" role=\"button\" tabindex=\"0\" aria-label=\"Menu Toggle\" aria-expanded=\"false\">\n\t\t\t<i aria-hidden=\"true\" role=\"presentation\" class=\"elementor-menu-toggle__icon--open eicon-menu-bar\"><\/i><i aria-hidden=\"true\" role=\"presentation\" class=\"elementor-menu-toggle__icon--close eicon-close\"><\/i>\t\t<\/div>\n\t\t\t\t\t<nav class=\"elementor-nav-menu--dropdown elementor-nav-menu__container\" aria-hidden=\"true\">\n\t\t\t\t<ul id=\"menu-2-05c7312\" class=\"elementor-nav-menu\"><li class=\"menu-item menu-item-type-post_type menu-item-object-page menu-item-33193\"><a href=\"https:\/\/www.ie.edu\/uncover-ie\/es\/ie-core-es\/\" class=\"elementor-item\" tabindex=\"-1\">IE Core<\/a><\/li>\n<li class=\"menu-item menu-item-type-post_type menu-item-object-page menu-item-33194\"><a href=\"https:\/\/www.ie.edu\/uncover-ie\/es\/vida-estudiantil\/\" class=\"elementor-item\" tabindex=\"-1\">Vida Estudiantil<\/a><\/li>\n<li class=\"menu-item menu-item-type-post_type menu-item-object-page menu-item-33195\"><a href=\"https:\/\/www.ie.edu\/uncover-ie\/es\/salidas-profesionales\/\" class=\"elementor-item\" tabindex=\"-1\">Salidas Profesionales<\/a><\/li>\n<li class=\"menu-item menu-item-type-post_type menu-item-object-page menu-item-33196\"><a href=\"https:\/\/www.ie.edu\/uncover-ie\/es\/aprendizaje-estudios\/\" class=\"elementor-item\" tabindex=\"-1\">Aprendizaje &amp; Estudios<\/a><\/li>\n<li class=\"menu-item menu-item-type-post_type menu-item-object-page menu-item-33197\"><a href=\"https:\/\/www.ie.edu\/uncover-ie\/es\/como-ser-estudiante-del-ie\/\" class=\"elementor-item\" tabindex=\"-1\">Admisiones y programas<\/a><\/li>\n<li class=\"menu-item menu-item-type-custom menu-item-object-custom menu-item-33198\"><a href=\"#pll_switcher\" class=\"elementor-item elementor-item-anchor\" tabindex=\"-1\">Languages<\/a><\/li>\n<\/ul>\t\t\t<\/nav>\n\t\t\t\t\t\t<\/div>\n\t\t\t\t<\/div>\n\t\t\t\t\t<\/div>\n\t\t\t\t<\/div>\n\t\t\t\t<section class=\"elementor-section elementor-top-section elementor-element elementor-element-27b88b9 header-section elementor-section-content-bottom elementor-section-boxed elementor-section-height-default elementor-section-height-default\" data-id=\"27b88b9\" data-element_type=\"section\" data-e-type=\"section\" data-settings=\"{&quot;background_background&quot;:&quot;classic&quot;,&quot;animation&quot;:&quot;none&quot;,&quot;jet_parallax_layout_list&quot;:[]}\">\n\t\t\t\t\t\t<div class=\"elementor-container elementor-column-gap-default\">\n\t\t\t\t\t<div class=\"elementor-column elementor-col-100 elementor-top-column elementor-element elementor-element-1efaf57\" data-id=\"1efaf57\" data-element_type=\"column\" data-e-type=\"column\">\n\t\t\t<div class=\"elementor-widget-wrap elementor-element-populated\">\n\t\t\t\t\t\t<section class=\"elementor-section elementor-inner-section elementor-element elementor-element-f2b9b2a elementor-section-full_width elementor-section-height-min-height elementor-section-height-default\" data-id=\"f2b9b2a\" data-element_type=\"section\" data-e-type=\"section\" data-settings=\"{&quot;jet_parallax_layout_list&quot;:[]}\">\n\t\t\t\t\t\t<div class=\"elementor-container elementor-column-gap-default\">\n\t\t\t\t\t<div class=\"elementor-column elementor-col-100 elementor-inner-column elementor-element elementor-element-ff1f236\" data-id=\"ff1f236\" data-element_type=\"column\" data-e-type=\"column\">\n\t\t\t<div class=\"elementor-widget-wrap elementor-element-populated\">\n\t\t\t\t\t\t<div class=\"elementor-element elementor-element-512518b elementor-widget__width-initial elementor-widget elementor-widget-heading\" data-id=\"512518b\" data-element_type=\"widget\" data-e-type=\"widget\" data-widget_type=\"heading.default\">\n\t\t\t\t<div class=\"elementor-widget-container\">\n\t\t\t\t\t<h1 class=\"elementor-heading-title elementor-size-default\">Salidas Profesionales<\/h1>\t\t\t\t<\/div>\n\t\t\t\t<\/div>\n\t\t\t\t\t<\/div>\n\t\t<\/div>\n\t\t\t\t\t<\/div>\n\t\t<\/section>\n\t\t\t\t\t<\/div>\n\t\t<\/div>\n\t\t\t\t\t<\/div>\n\t\t<\/section>\n\t\t<div class=\"elementor-element elementor-element-ecd7b70 e-flex e-con-boxed e-con e-parent\" data-id=\"ecd7b70\" data-element_type=\"container\" data-e-type=\"container\" data-settings=\"{&quot;background_background&quot;:&quot;classic&quot;,&quot;jet_parallax_layout_list&quot;:[]}\">\n\t\t\t\t\t<div class=\"e-con-inner\">\n\t\t\t\t<div class=\"elementor-element elementor-element-eeaef4d elementor-widget elementor-widget-jet-listing-grid\" data-id=\"eeaef4d\" data-element_type=\"widget\" data-e-type=\"widget\" data-settings=\"{&quot;columns&quot;:3,&quot;columns_mobile&quot;:&quot;1&quot;}\" data-widget_type=\"jet-listing-grid.default\">\n\t\t\t\t<div class=\"elementor-widget-container\">\n\t\t\t\t\t<div class=\"jet-listing-grid jet-listing-grid--lazy-load jet-listing jet-listing-grid-loading\" data-lazy-load=\"{&quot;offset&quot;:&quot;0px&quot;,&quot;post_id&quot;:33185,&quot;queried_id&quot;:&quot;33185|WP_Post&quot;}\"><div class=\"jet-listing-grid__loader\"><div class=\"jet-listing-grid__loader-spinner\"><\/div><\/div><\/div>\t\t\t\t<\/div>\n\t\t\t\t<\/div>\n\t\t\t\t<div class=\"elementor-element elementor-element-b12f596 elementor-align-center elementor-widget elementor-widget-button\" data-id=\"b12f596\" data-element_type=\"widget\" data-e-type=\"widget\" data-widget_type=\"button.default\">\n\t\t\t\t<div class=\"elementor-widget-container\">\n\t\t\t\t\t\t\t\t\t<div class=\"elementor-button-wrapper\">\n\t\t\t\t\t<a class=\"elementor-button elementor-button-link elementor-size-sm\" href=\"#\" id=\"load-more\">\n\t\t\t\t\t\t<span class=\"elementor-button-content-wrapper\">\n\t\t\t\t\t\t<span class=\"elementor-button-icon\">\n\t\t\t\t<i aria-hidden=\"true\" class=\"fas fa-sync-alt\"><\/i>\t\t\t<\/span>\n\t\t\t\t\t\t\t\t\t<span class=\"elementor-button-text\">Load more posts<\/span>\n\t\t\t\t\t<\/span>\n\t\t\t\t\t<\/a>\n\t\t\t\t<\/div>\n\t\t\t\t\t\t\t\t<\/div>\n\t\t\t\t<\/div>\n\t\t\t\t\t<\/div>\n\t\t\t\t<\/div>\n\t\t<div class=\"elementor-element elementor-element-341e6be e-flex e-con-boxed e-con e-parent\" data-id=\"341e6be\" data-element_type=\"container\" data-e-type=\"container\" data-settings=\"{&quot;jet_parallax_layout_list&quot;:[]}\">\n\t\t\t\t\t<div class=\"e-con-inner\">\n\t\t\t\t<div class=\"elementor-element elementor-element-297471d elementor-widget__width-initial elementor-widget elementor-widget-heading\" data-id=\"297471d\" data-element_type=\"widget\" data-e-type=\"widget\" data-widget_type=\"heading.default\">\n\t\t\t\t<div class=\"elementor-widget-container\">\n\t\t\t\t\t<h2 class=\"elementor-heading-title elementor-size-default\">Empresas e industrias l\u00edderes<\/h2>\t\t\t\t<\/div>\n\t\t\t\t<\/div>\n\t\t\t\t<div class=\"elementor-element elementor-element-73d7449 elementor-widget__width-initial elementor-widget elementor-widget-text-editor\" data-id=\"73d7449\" data-element_type=\"widget\" data-e-type=\"widget\" data-widget_type=\"text-editor.default\">\n\t\t\t\t<div class=\"elementor-widget-container\">\n\t\t\t\t\t\t\t\t\t<p>IE University mantiene una estrecha relaci\u00f3n con empresas e industrias l\u00edderes en \u00e1reas como negocio, derecho, arquitectura y tecnolog\u00eda, garantizando que sus programas respondan a las necesidades reales del mercado. A trav\u00e9s de colaboraciones con multinacionales, despachos jur\u00eddicos globales, estudios de dise\u00f1o y empresas tecnol\u00f3gicas, estamos en una posici\u00f3n privilegiada para ofrecer a los estudiantes la oportunidad de trabajar en proyectos reales, estudios de caso y retos del sector.<\/p><p>Los siguientes art\u00edculos ofrecen una visi\u00f3n directa de entornos profesionales para ayudarte a dise\u00f1ar tu trayectoria hacia pr\u00e1cticas, programas de mentor\u00eda y oportunidades de empleo en todo el mundo.<\/p>\t\t\t\t\t\t\t\t<\/div>\n\t\t\t\t<\/div>\n\t\t\t\t<div class=\"elementor-element elementor-element-7195fb0 elementor-widget__width-initial elementor-widget elementor-widget-jet-listing-grid\" data-id=\"7195fb0\" data-element_type=\"widget\" data-e-type=\"widget\" data-settings=\"{&quot;columns&quot;:&quot;3&quot;,&quot;columns_mobile&quot;:&quot;1&quot;}\" data-widget_type=\"jet-listing-grid.default\">\n\t\t\t\t<div class=\"elementor-widget-container\">\n\t\t\t\t\t<div class=\"jet-listing-grid jet-listing-grid--lazy-load jet-listing jet-listing-grid-loading\" data-lazy-load=\"{&quot;offset&quot;:&quot;0px&quot;,&quot;post_id&quot;:33185,&quot;queried_id&quot;:&quot;33185|WP_Post&quot;}\"><div class=\"jet-listing-grid__loader\"><div class=\"jet-listing-grid__loader-spinner\"><\/div><\/div><\/div>\t\t\t\t<\/div>\n\t\t\t\t<\/div>\n\t\t\t\t\t<\/div>\n\t\t\t\t<\/div>\n\t\t\t\t<\/div>\n\t\t","protected":false},"excerpt":{"rendered":"<p>Salidas Profesionales Load more posts Empresas e industrias l\u00edderes IE University mantiene una estrecha relaci\u00f3n con empresas e industrias l\u00edderes en \u00e1reas como negocio, derecho, arquitectura y tecnolog\u00eda, garantizando que sus programas respondan a las necesidades reales del mercado. A trav\u00e9s de colaboraciones con multinacionales, despachos jur\u00eddicos globales, estudios de dise\u00f1o y empresas tecnol\u00f3gicas, estamos [&hellip;]<\/p>\n","protected":false},"author":52,"featured_media":0,"parent":0,"menu_order":0,"comment_status":"closed","ping_status":"closed","template":"","meta":{"_acf_changed":false,"footnotes":""},"class_list":["post-33185","page","type-page","status-publish","hentry"],"acf":[],"yoast_head":"<!-- This site is optimized with the Yoast SEO Premium plugin v24.4 (Yoast SEO v27.3) - https:\/\/yoast.com\/product\/yoast-seo-premium-wordpress\/ -->\n<title>Salidas Profesionales &#8212; Uncover IE<\/title>\n<meta name=\"description\" content=\"Where will your career take you? Dive into our Career Paths blog posts and discover the skills you need to thrive in your chosen career.\" \/>\n<meta name=\"robots\" content=\"index, follow, max-snippet:-1, max-image-preview:large, max-video-preview:-1\" \/>\n<link rel=\"canonical\" href=\"https:\/\/www.ie.edu\/uncover-ie\/es\/salidas-profesionales\/\" \/>\n<meta property=\"og:locale\" content=\"en_US\" \/>\n<meta property=\"og:type\" content=\"article\" \/>\n<meta property=\"og:title\" content=\"Salidas Profesionales\" \/>\n<meta property=\"og:description\" content=\"Where will your career take you? Dive into our Career Paths blog posts and discover the skills you need to thrive in your chosen career.\" \/>\n<meta property=\"og:url\" content=\"https:\/\/www.ie.edu\/uncover-ie\/es\/salidas-profesionales\/\" \/>\n<meta property=\"og:site_name\" content=\"Uncover IE\" \/>\n<meta property=\"article:modified_time\" content=\"2026-03-23T11:17:56+00:00\" \/>\n<meta property=\"og:image\" content=\"https:\/\/www.ie.edu\/uncover-ie\/wp-content\/uploads\/2021\/04\/social-media-uncover-ie-header.jpeg\" \/>\n<meta name=\"twitter:card\" content=\"summary_large_image\" \/>\n<meta name=\"twitter:image\" content=\"https:\/\/www.ie.edu\/uncover-ie\/wp-content\/uploads\/2021\/04\/social-media-uncover-ie-header.jpeg\" \/>\n<meta name=\"twitter:label1\" content=\"Est. reading time\" \/>\n\t<meta name=\"twitter:data1\" content=\"6 minutes\" \/>\n<script type=\"application\/ld+json\" class=\"yoast-schema-graph\">{\"@context\":\"https:\\\/\\\/schema.org\",\"@graph\":[{\"@type\":\"WebPage\",\"@id\":\"https:\\\/\\\/www.ie.edu\\\/uncover-ie\\\/es\\\/salidas-profesionales\\\/\",\"url\":\"https:\\\/\\\/www.ie.edu\\\/uncover-ie\\\/es\\\/salidas-profesionales\\\/\",\"name\":\"Salidas Profesionales &#8212; Uncover IE\",\"isPartOf\":{\"@id\":\"https:\\\/\\\/www.ie.edu\\\/uncover-ie\\\/#website\"},\"primaryImageOfPage\":{\"@id\":\"https:\\\/\\\/www.ie.edu\\\/uncover-ie\\\/es\\\/salidas-profesionales\\\/#primaryimage\"},\"image\":{\"@id\":\"https:\\\/\\\/www.ie.edu\\\/uncover-ie\\\/es\\\/salidas-profesionales\\\/#primaryimage\"},\"thumbnailUrl\":\"https:\\\/\\\/www.ie.edu\\\/uncover-ie\\\/wp-content\\\/uploads\\\/2026\\\/03\\\/uncover-logo-1024x167.png\",\"datePublished\":\"2024-04-11T11:08:56+00:00\",\"dateModified\":\"2026-03-23T11:17:56+00:00\",\"description\":\"Where will your career take you? Dive into our Career Paths blog posts and discover the skills you need to thrive in your chosen career.\",\"breadcrumb\":{\"@id\":\"https:\\\/\\\/www.ie.edu\\\/uncover-ie\\\/es\\\/salidas-profesionales\\\/#breadcrumb\"},\"inLanguage\":\"en-US\",\"potentialAction\":[{\"@type\":\"ReadAction\",\"target\":[\"https:\\\/\\\/www.ie.edu\\\/uncover-ie\\\/es\\\/salidas-profesionales\\\/\"]}]},{\"@type\":\"ImageObject\",\"inLanguage\":\"en-US\",\"@id\":\"https:\\\/\\\/www.ie.edu\\\/uncover-ie\\\/es\\\/salidas-profesionales\\\/#primaryimage\",\"url\":\"https:\\\/\\\/www.ie.edu\\\/uncover-ie\\\/wp-content\\\/uploads\\\/2026\\\/03\\\/uncover-logo-scaled.png\",\"contentUrl\":\"https:\\\/\\\/www.ie.edu\\\/uncover-ie\\\/wp-content\\\/uploads\\\/2026\\\/03\\\/uncover-logo-scaled.png\",\"width\":2560,\"height\":419,\"caption\":\"Uncover IE logo\"},{\"@type\":\"BreadcrumbList\",\"@id\":\"https:\\\/\\\/www.ie.edu\\\/uncover-ie\\\/es\\\/salidas-profesionales\\\/#breadcrumb\",\"itemListElement\":[{\"@type\":\"ListItem\",\"position\":1,\"name\":\"Portada\",\"item\":\"https:\\\/\\\/www.ie.edu\\\/uncover-ie\\\/\"},{\"@type\":\"ListItem\",\"position\":2,\"name\":\"Salidas Profesionales\"}]},{\"@type\":\"WebSite\",\"@id\":\"https:\\\/\\\/www.ie.edu\\\/uncover-ie\\\/#website\",\"url\":\"https:\\\/\\\/www.ie.edu\\\/uncover-ie\\\/\",\"name\":\"Uncover IE\",\"description\":\"Uncover IE\",\"publisher\":{\"@id\":\"https:\\\/\\\/www.ie.edu\\\/uncover-ie\\\/#organization\"},\"potentialAction\":[{\"@type\":\"SearchAction\",\"target\":{\"@type\":\"EntryPoint\",\"urlTemplate\":\"https:\\\/\\\/www.ie.edu\\\/uncover-ie\\\/?s={search_term_string}\"},\"query-input\":{\"@type\":\"PropertyValueSpecification\",\"valueRequired\":true,\"valueName\":\"search_term_string\"}}],\"inLanguage\":\"en-US\"},{\"@type\":\"Organization\",\"@id\":\"https:\\\/\\\/www.ie.edu\\\/uncover-ie\\\/#organization\",\"name\":\"Uncover IE\",\"url\":\"https:\\\/\\\/www.ie.edu\\\/uncover-ie\\\/\",\"logo\":{\"@type\":\"ImageObject\",\"inLanguage\":\"en-US\",\"@id\":\"https:\\\/\\\/www.ie.edu\\\/uncover-ie\\\/#\\\/schema\\\/logo\\\/image\\\/\",\"url\":\"https:\\\/\\\/www.ie.edu\\\/uncover-ie\\\/wp-content\\\/uploads\\\/2021\\\/03\\\/logo.png\",\"contentUrl\":\"https:\\\/\\\/www.ie.edu\\\/uncover-ie\\\/wp-content\\\/uploads\\\/2021\\\/03\\\/logo.png\",\"width\":1609,\"height\":356,\"caption\":\"Uncover IE\"},\"image\":{\"@id\":\"https:\\\/\\\/www.ie.edu\\\/uncover-ie\\\/#\\\/schema\\\/logo\\\/image\\\/\"}}]}<\/script>\n<!-- \/ Yoast SEO Premium plugin. -->","yoast_head_json":{"title":"Salidas Profesionales &#8212; Uncover IE","description":"Where will your career take you? Dive into our Career Paths blog posts and discover the skills you need to thrive in your chosen career.","robots":{"index":"index","follow":"follow","max-snippet":"max-snippet:-1","max-image-preview":"max-image-preview:large","max-video-preview":"max-video-preview:-1"},"canonical":"https:\/\/www.ie.edu\/uncover-ie\/es\/salidas-profesionales\/","og_locale":"en_US","og_type":"article","og_title":"Salidas Profesionales","og_description":"Where will your career take you? Dive into our Career Paths blog posts and discover the skills you need to thrive in your chosen career.","og_url":"https:\/\/www.ie.edu\/uncover-ie\/es\/salidas-profesionales\/","og_site_name":"Uncover IE","article_modified_time":"2026-03-23T11:17:56+00:00","og_image":[{"url":"https:\/\/www.ie.edu\/uncover-ie\/wp-content\/uploads\/2021\/04\/social-media-uncover-ie-header.jpeg","type":"","width":"","height":""}],"twitter_card":"summary_large_image","twitter_image":"https:\/\/www.ie.edu\/uncover-ie\/wp-content\/uploads\/2021\/04\/social-media-uncover-ie-header.jpeg","twitter_misc":{"Est. reading time":"6 minutes"},"schema":{"@context":"https:\/\/schema.org","@graph":[{"@type":"WebPage","@id":"https:\/\/www.ie.edu\/uncover-ie\/es\/salidas-profesionales\/","url":"https:\/\/www.ie.edu\/uncover-ie\/es\/salidas-profesionales\/","name":"Salidas Profesionales &#8212; Uncover IE","isPartOf":{"@id":"https:\/\/www.ie.edu\/uncover-ie\/#website"},"primaryImageOfPage":{"@id":"https:\/\/www.ie.edu\/uncover-ie\/es\/salidas-profesionales\/#primaryimage"},"image":{"@id":"https:\/\/www.ie.edu\/uncover-ie\/es\/salidas-profesionales\/#primaryimage"},"thumbnailUrl":"https:\/\/www.ie.edu\/uncover-ie\/wp-content\/uploads\/2026\/03\/uncover-logo-1024x167.png","datePublished":"2024-04-11T11:08:56+00:00","dateModified":"2026-03-23T11:17:56+00:00","description":"Where will your career take you? Dive into our Career Paths blog posts and discover the skills you need to thrive in your chosen career.","breadcrumb":{"@id":"https:\/\/www.ie.edu\/uncover-ie\/es\/salidas-profesionales\/#breadcrumb"},"inLanguage":"en-US","potentialAction":[{"@type":"ReadAction","target":["https:\/\/www.ie.edu\/uncover-ie\/es\/salidas-profesionales\/"]}]},{"@type":"ImageObject","inLanguage":"en-US","@id":"https:\/\/www.ie.edu\/uncover-ie\/es\/salidas-profesionales\/#primaryimage","url":"https:\/\/www.ie.edu\/uncover-ie\/wp-content\/uploads\/2026\/03\/uncover-logo-scaled.png","contentUrl":"https:\/\/www.ie.edu\/uncover-ie\/wp-content\/uploads\/2026\/03\/uncover-logo-scaled.png","width":2560,"height":419,"caption":"Uncover IE logo"},{"@type":"BreadcrumbList","@id":"https:\/\/www.ie.edu\/uncover-ie\/es\/salidas-profesionales\/#breadcrumb","itemListElement":[{"@type":"ListItem","position":1,"name":"Portada","item":"https:\/\/www.ie.edu\/uncover-ie\/"},{"@type":"ListItem","position":2,"name":"Salidas Profesionales"}]},{"@type":"WebSite","@id":"https:\/\/www.ie.edu\/uncover-ie\/#website","url":"https:\/\/www.ie.edu\/uncover-ie\/","name":"Uncover IE","description":"Uncover IE","publisher":{"@id":"https:\/\/www.ie.edu\/uncover-ie\/#organization"},"potentialAction":[{"@type":"SearchAction","target":{"@type":"EntryPoint","urlTemplate":"https:\/\/www.ie.edu\/uncover-ie\/?s={search_term_string}"},"query-input":{"@type":"PropertyValueSpecification","valueRequired":true,"valueName":"search_term_string"}}],"inLanguage":"en-US"},{"@type":"Organization","@id":"https:\/\/www.ie.edu\/uncover-ie\/#organization","name":"Uncover IE","url":"https:\/\/www.ie.edu\/uncover-ie\/","logo":{"@type":"ImageObject","inLanguage":"en-US","@id":"https:\/\/www.ie.edu\/uncover-ie\/#\/schema\/logo\/image\/","url":"https:\/\/www.ie.edu\/uncover-ie\/wp-content\/uploads\/2021\/03\/logo.png","contentUrl":"https:\/\/www.ie.edu\/uncover-ie\/wp-content\/uploads\/2021\/03\/logo.png","width":1609,"height":356,"caption":"Uncover IE"},"image":{"@id":"https:\/\/www.ie.edu\/uncover-ie\/#\/schema\/logo\/image\/"}}]}},"_links":{"self":[{"href":"https:\/\/www.ie.edu\/uncover-ie\/wp-json\/wp\/v2\/pages\/33185","targetHints":{"allow":["GET"]}}],"collection":[{"href":"https:\/\/www.ie.edu\/uncover-ie\/wp-json\/wp\/v2\/pages"}],"about":[{"href":"https:\/\/www.ie.edu\/uncover-ie\/wp-json\/wp\/v2\/types\/page"}],"author":[{"embeddable":true,"href":"https:\/\/www.ie.edu\/uncover-ie\/wp-json\/wp\/v2\/users\/52"}],"replies":[{"embeddable":true,"href":"https:\/\/www.ie.edu\/uncover-ie\/wp-json\/wp\/v2\/comments?post=33185"}],"version-history":[{"count":26,"href":"https:\/\/www.ie.edu\/uncover-ie\/wp-json\/wp\/v2\/pages\/33185\/revisions"}],"predecessor-version":[{"id":44597,"href":"https:\/\/www.ie.edu\/uncover-ie\/wp-json\/wp\/v2\/pages\/33185\/revisions\/44597"}],"wp:attachment":[{"href":"https:\/\/www.ie.edu\/uncover-ie\/wp-json\/wp\/v2\/media?parent=33185"}],"curies":[{"name":"wp","href":"https:\/\/api.w.org\/{rel}","templated":true}]}}